{"id":3588,"date":"2021-06-23T16:35:51","date_gmt":"2021-06-23T20:35:51","guid":{"rendered":"https:\/\/dev.tourmed.ca\/help-and-resources\/"},"modified":"2026-03-25T11:52:25","modified_gmt":"2026-03-25T15:52:25","slug":"policies-and-resources","status":"publish","type":"page","link":"https:\/\/dev.tourmed.ca\/en\/policies-and-resources\/","title":{"rendered":"Policies and Resources"},"content":{"rendered":"\t\t<div data-elementor-type=\"wp-page\" data-elementor-id=\"3588\" class=\"elementor elementor-3588 elementor-283\" data-elementor-post-type=\"page\">\n\t\t\t\t<div class=\"elementor-element elementor-element-9bdb7b2 stickymtop e-flex e-con-boxed e-con e-parent\" data-id=\"9bdb7b2\" data-element_type=\"container\" data-e-type=\"container\" data-settings=\"{&quot;background_background&quot;:&quot;classic&quot;}\">\n\t\t\t\t\t<div class=\"e-con-inner\">\n\t\t<div class=\"elementor-element elementor-element-7bc40fa e-con-full e-flex e-con e-child\" data-id=\"7bc40fa\" data-element_type=\"container\" data-e-type=\"container\">\n\t\t\t\t<div class=\"elementor-element elementor-element-ad680c9 elementor-widget elementor-widget-heading\" data-id=\"ad680c9\" data-element_type=\"widget\" data-e-type=\"widget\" data-widget_type=\"heading.default\">\n\t\t\t\t<div class=\"elementor-widget-container\">\n\t\t\t\t\t<h1 class=\"elementor-heading-title elementor-size-default\">Policies and Resources<\/h1>\t\t\t\t<\/div>\n\t\t\t\t<\/div>\n\t\t\t\t<div class=\"elementor-element elementor-element-10f62b4 elementor-widget elementor-widget-text-editor\" data-id=\"10f62b4\" data-element_type=\"widget\" data-e-type=\"widget\" data-widget_type=\"text-editor.default\">\n\t\t\t\t<div class=\"elementor-widget-container\">\n\t\t\t\t\t\t\t\t\t<p>Whether you are thinking about your next trip, about to leave, on your trip, or about to return home, it is perfectly normal to have questions at every step of the way. Have a look at the following sections or contact your representative if needed.<\/p>\n\t\t\t\t\t\t\t\t<\/div>\n\t\t\t\t<\/div>\n\t\t\t\t<div class=\"elementor-element elementor-element-411b912 elementor-widget__width-auto elementor-mobile-align-center elementor-widget elementor-widget-button\" data-id=\"411b912\" data-element_type=\"widget\" data-e-type=\"widget\" data-widget_type=\"button.default\">\n\t\t\t\t<div class=\"elementor-widget-container\">\n\t\t\t\t\t\t\t\t\t<div class=\"elementor-button-wrapper\">\n\t\t\t\t\t<a class=\"elementor-button elementor-button-link elementor-size-sm\" href=\"https:\/\/dev.tourmed.ca\/en\/contact-us\/\">\n\t\t\t\t\t\t<span class=\"elementor-button-content-wrapper\">\n\t\t\t\t\t\t\t\t\t<span class=\"elementor-button-text\">Request a call back<\/span>\n\t\t\t\t\t<\/span>\n\t\t\t\t\t<\/a>\n\t\t\t\t<\/div>\n\t\t\t\t\t\t\t\t<\/div>\n\t\t\t\t<\/div>\n\t\t\t\t<div class=\"elementor-element elementor-element-05fc8fd elementor-widget elementor-widget-button\" data-id=\"05fc8fd\" data-element_type=\"widget\" data-e-type=\"widget\" data-widget_type=\"button.default\">\n\t\t\t\t<div class=\"elementor-widget-container\">\n\t\t\t\t\t\t\t\t\t<div class=\"elementor-button-wrapper\">\n\t\t\t\t\t<a class=\"elementor-button elementor-button-link elementor-size-sm\" href=\"https:\/\/b2c.tourmed.ca\/login\/?guid=1e0331c8-e922-480d-8be7-57f11678c427&#038;_gl=1*168gyg5*_ga*MzU4MTQxNzE5LjE2NzQ1MDc0Njk.*_ga_C9MGJ87D5J*MTY3ODExNzIxNy42MS4xLjE2NzgxMTk2ODAuMC4wLjA.&#038;_ga=2.173011623.547476476.1678108869-358141719.1674507469\" target=\"_blank\" rel=\"noopener\">\n\t\t\t\t\t\t<span class=\"elementor-button-content-wrapper\">\n\t\t\t\t\t\t\t\t\t<span class=\"elementor-button-text\">Get a quote<\/span>\n\t\t\t\t\t<\/span>\n\t\t\t\t\t<\/a>\n\t\t\t\t<\/div>\n\t\t\t\t\t\t\t\t<\/div>\n\t\t\t\t<\/div>\n\t\t\t\t<\/div>\n\t\t<div class=\"elementor-element elementor-element-b81b13f e-con-full tm-rc-lr e-flex elementor-invisible e-con e-child\" data-id=\"b81b13f\" data-element_type=\"container\" data-e-type=\"container\" data-settings=\"{&quot;background_background&quot;:&quot;classic&quot;,&quot;background_motion_fx_motion_fx_scrolling&quot;:&quot;yes&quot;,&quot;background_motion_fx_translateY_effect&quot;:&quot;yes&quot;,&quot;background_motion_fx_translateY_speed&quot;:{&quot;unit&quot;:&quot;px&quot;,&quot;size&quot;:1,&quot;sizes&quot;:[]},&quot;background_motion_fx_translateY_direction&quot;:&quot;negative&quot;,&quot;animation&quot;:&quot;fadeInDown&quot;,&quot;background_motion_fx_range&quot;:&quot;viewport&quot;,&quot;background_motion_fx_translateY_affectedRange&quot;:{&quot;unit&quot;:&quot;%&quot;,&quot;size&quot;:&quot;&quot;,&quot;sizes&quot;:{&quot;start&quot;:0,&quot;end&quot;:100}},&quot;background_motion_fx_devices&quot;:[&quot;desktop&quot;,&quot;tablet&quot;,&quot;mobile&quot;]}\">\n\t\t\t\t<div class=\"elementor-element elementor-element-85ffd67 elementor-widget__width-auto elementor-absolute elementor-view-default elementor-widget elementor-widget-icon\" data-id=\"85ffd67\" data-element_type=\"widget\" data-e-type=\"widget\" data-settings=\"{&quot;_position&quot;:&quot;absolute&quot;}\" data-widget_type=\"icon.default\">\n\t\t\t\t<div class=\"elementor-widget-container\">\n\t\t\t\t\t\t\t<div class=\"elementor-icon-wrapper\">\n\t\t\t<div class=\"elementor-icon\">\n\t\t\t<svg class=\"text-red-500 fill-current w-18 h-auto xl:w-28\" viewBox=\"0 0 210 210\"><path d=\"m140 140v70h-70v-70zm-70-70v70h-70v-70zm140 0v70h-70v-70zm-70-70v70h-70v-70z\" fill-rule=\"evenodd\"><\/path><\/svg>\t\t\t<\/div>\n\t\t<\/div>\n\t\t\t\t\t\t<\/div>\n\t\t\t\t<\/div>\n\t\t\t\t<\/div>\n\t\t\t\t\t<\/div>\n\t\t\t\t<\/div>\n\t\t<div class=\"elementor-element elementor-element-cefc401 e-flex e-con-boxed e-con e-parent\" data-id=\"cefc401\" data-element_type=\"container\" data-e-type=\"container\">\n\t\t\t\t\t<div class=\"e-con-inner\">\n\t\t\t\t<div class=\"elementor-element elementor-element-8b77ab4 elementor-widget__width-initial elementor-widget elementor-widget-text-editor\" data-id=\"8b77ab4\" data-element_type=\"widget\" data-e-type=\"widget\" data-widget_type=\"text-editor.default\">\n\t\t\t\t<div class=\"elementor-widget-container\">\n\t\t\t\t\t\t\t\t\t<h2>Insurance policies<\/h2>\n<p><\/p>\n<ul>\n<li><a href=\"https:\/\/tourmed.ca\/wp-content\/uploads\/2025\/07\/TourMed_Medical_EN.pdf\" target=\"_blank\" rel=\"nofollow noopener\">Tour+Med travel insurance policy \u2013 Travel insurance in case of Medical Emergency<\/a><\/li>\n<li><a href=\"https:\/\/tourmed.ca\/wp-content\/uploads\/2025\/07\/TourMed_Non-Medical_EN.pdf\" target=\"_blank\" rel=\"nofollow noopener\">Tour+Med travel insurance policy \u2013 Trip Cancellation and Interruption OR Non-Medical Package<\/a><\/li>\n<\/ul>\n\t\t\t\t\t\t\t\t<\/div>\n\t\t\t\t<\/div>\n\t\t\t\t<div class=\"elementor-element elementor-element-5e3d754 elementor-widget__width-initial elementor-widget elementor-widget-text-editor\" data-id=\"5e3d754\" data-element_type=\"widget\" data-e-type=\"widget\" data-widget_type=\"text-editor.default\">\n\t\t\t\t<div class=\"elementor-widget-container\">\n\t\t\t\t\t\t\t\t\t<h2 class=\"mb-4 text-2xl xl:text-3xl text-blue-500\">Other relevant documents<\/h2>\n<p><\/p>\n<div class=\"txt wysiwyg mb-4\">\n<ul>\n<li><a href=\"https:\/\/tourmed.ca\/wp-content\/uploads\/2022\/06\/7500-122-tm-depliant-en-download-version.pdf\" target=\"_blank\" rel=\"nofollow noopener\">Tour+Med Brochure<\/a><\/li>\n<li><a href=\"https:\/\/tourmed.ca\/wp-content\/uploads\/2022\/06\/How-to-prevent-a-claim-denial-2022.pdf\" target=\"_blank\" rel=\"noopener\">How to prevent a claim denial?<\/a><\/li>\n<li><a href=\"https:\/\/tourmed.ca\/wp-content\/uploads\/2021\/09\/Credit-cards-Top-5-things-to-consider.pdf\" target=\"_blank\" rel=\"nofollow noopener\">Credit cards and travel insurance \u2013 Top 5 things to look at<\/a><\/li>\n<li><a href=\"https:\/\/tourmed.ca\/wp-content\/uploads\/2021\/09\/THIA-BOR-EN_Nov.-25-2017.pdf\" target=\"_blank\" rel=\"nofollow noopener\">ThiA\u2019s Bill of Rights and Responsibilities<\/a><\/li>\n<\/ul>\n<\/div>\n\t\t\t\t\t\t\t\t<\/div>\n\t\t\t\t<\/div>\n\t\t\t\t\t<\/div>\n\t\t\t\t<\/div>\n\t\t<div class=\"elementor-element elementor-element-f339e3d e-flex e-con-boxed e-con e-parent\" data-id=\"f339e3d\" data-element_type=\"container\" data-e-type=\"container\">\n\t\t\t\t\t<div class=\"e-con-inner\">\n\t\t\t\t<div class=\"elementor-element elementor-element-537ad6b elementor-widget__width-initial elementor-mobile-position-inline-start elementor-widget-mobile__width-inherit elementor-view-stacked elementor-tablet-position-inline-start tm-vrtib elementor-shape-circle elementor-position-block-start elementor-widget elementor-widget-icon-box\" data-id=\"537ad6b\" data-element_type=\"widget\" data-e-type=\"widget\" data-widget_type=\"icon-box.default\">\n\t\t\t\t<div class=\"elementor-widget-container\">\n\t\t\t\t\t\t\t<div class=\"elementor-icon-box-wrapper\">\n\n\t\t\t\t\t\t<div class=\"elementor-icon-box-icon\">\n\t\t\t\t<a href=\"\/en\/faq\" class=\"elementor-icon\" tabindex=\"-1\" aria-label=\"Frequently asked questions\">\n\t\t\t\t<svg xmlns=\"http:\/\/www.w3.org\/2000\/svg\" class=\"w-7 h-auto stroke-current\" height=\"74.4387\" viewBox=\"0 0 71.7758995 74.4387\" width=\"71.7759\"><g fill=\"none\" fill-rule=\"evenodd\"><path d=\"m47.4851 48.9936c-8.177 0-15.032-6.178-15.879-14.311l-1.293-12.418c-.98-9.42 6.408-17.618 15.879-17.618h2.586c9.471 0 16.858 8.198 15.878 17.618l-1.293 12.418c-.847 8.133-7.701 14.311-15.878 14.311z\" stroke=\"#003898\" stroke-linecap=\"round\" stroke-linejoin=\"round\" stroke-width=\"2\"><\/path><path d=\"m55.9998 46.5317c3.579 4.893 7.995 8.144 12.038 10.287 5.105 2.706 4.929 10.084-.208 12.727-6.081 3.129-12.956 4.893-20.345 4.893s-14.263-1.764-20.345-4.893c-5.137-2.643-5.313-10.021-.208-12.727 4.043-2.143 8.459-5.394 12.038-10.287\" stroke=\"#003898\" stroke-linecap=\"round\" stroke-linejoin=\"round\" stroke-width=\"2\"><\/path><path d=\"m.409 21.8867 2.442 2.842 3.947-7.547\"><\/path><path d=\"m.409 21.8867 2.442 2.842 3.947-7.547\" stroke=\"#e1261c\" stroke-linecap=\"round\" stroke-linejoin=\"round\" stroke-width=\"2\"><\/path><path d=\"m14.2322 20.9555h8.371\" stroke=\"#e1261c\" stroke-linecap=\"round\" stroke-linejoin=\"round\" stroke-width=\"2\"><\/path><path d=\"m.409 4.705 2.442 2.843 3.947-7.548\"><\/path><g stroke-linecap=\"round\" stroke-linejoin=\"round\" stroke-width=\"2\"><path d=\"m.409 4.705 2.442 2.843 3.947-7.548\" stroke=\"#e1261c\"><\/path><path d=\"m14.2322 3.7739h13.371\" stroke=\"#e1261c\"><\/path><path d=\"m14.2322 38.5337h9.371\" stroke=\"#003898\"><\/path><path d=\"m0 42.1363h7.207v-7.207h-7.207z\" stroke=\"#003898\"><\/path><path d=\"m34.0017 10.3105c.544 8.946 9.237 12.636 15.747 10.645 5.063-1.548 7.485-3.773 7.485-3.773s-1.353 9.364 6.7 12.02\" stroke=\"#003898\"><\/path><path d=\"m32.3533 53.3252c4.562 2.255 9.698 3.522 15.132 3.522 5.432 0 10.569-1.267 15.131-3.522\" stroke=\"#003898\"><\/path><\/g><\/g><\/svg>\t\t\t\t<\/a>\n\t\t\t<\/div>\n\t\t\t\n\t\t\t\t\t\t<div class=\"elementor-icon-box-content\">\n\n\t\t\t\t\t\t\t\t\t<h3 class=\"elementor-icon-box-title\">\n\t\t\t\t\t\t<a href=\"\/en\/faq\" >\n\t\t\t\t\t\t\tFrequently asked questions\t\t\t\t\t\t<\/a>\n\t\t\t\t\t<\/h3>\n\t\t\t\t\n\t\t\t\t\t\t\t\t\t<p class=\"elementor-icon-box-description\">\n\t\t\t\t\t\tLearn more\t\t\t\t\t<\/p>\n\t\t\t\t\n\t\t\t<\/div>\n\t\t\t\n\t\t<\/div>\n\t\t\t\t\t\t<\/div>\n\t\t\t\t<\/div>\n\t\t\t\t<div class=\"elementor-element elementor-element-d0b7d59 elementor-widget__width-initial elementor-mobile-position-inline-start elementor-widget-mobile__width-inherit elementor-view-stacked elementor-tablet-position-inline-start tm-vrtib elementor-shape-circle elementor-position-block-start elementor-widget elementor-widget-icon-box\" data-id=\"d0b7d59\" data-element_type=\"widget\" data-e-type=\"widget\" data-widget_type=\"icon-box.default\">\n\t\t\t\t<div class=\"elementor-widget-container\">\n\t\t\t\t\t\t\t<div class=\"elementor-icon-box-wrapper\">\n\n\t\t\t\t\t\t<div class=\"elementor-icon-box-icon\">\n\t\t\t\t<a href=\"https:\/\/dev.tourmed.ca\/blogue-conseils-voyages\/\" class=\"elementor-icon\" tabindex=\"-1\" aria-label=\"Travail advice blog from our experts\">\n\t\t\t\t<svg xmlns=\"http:\/\/www.w3.org\/2000\/svg\" class=\"overflow-visible w-9 lg:w-12 h-auto stroke-current\" width=\"54\" height=\"68\" viewBox=\"0 0 54 68\"><g fill=\"none\" fill-rule=\"evenodd\" stroke-linecap=\"round\" stroke-linejoin=\"round\" stroke-width=\"2\"><path stroke=\"#003898\" d=\"M52 39.42v22.24A5.341 5.341 0 0 1 46.659 67H6.34A5.34 5.34 0 0 1 1 61.659V6.34A5.34 5.34 0 0 1 6.34 1h34.08M52 12.977v16.021\"><\/path><path stroke=\"#003898\" d=\"M40.42 1v8.694a3.284 3.284 0 0 0 3.284 3.283H52L40.42 1z\"><\/path><path stroke=\"#E1261C\" d=\"M65.605 22.814l-22.332 27.02-5.118-4.229 22.332-27.021zM34.061 55.77l4.094-10.165 5.118 4.23z\"><\/path><path stroke=\"#003898\" d=\"M10.985 13.181h19.477M10.985 21.919h29.436M10.985 30.659h29.436M10.985 39.397h19.477M10.894 56.8c1.554-.913 8.011-9.643 3.191-9.503-2.066.06-5.162 3.577-3.45 5.321 1.53 1.56 6.036.5 8 .616.057.96-.431 1.981-.63 2.955 2.128-.007 4.623-.598 6.278-1.986\"><\/path><\/g><\/svg>\t\t\t\t<\/a>\n\t\t\t<\/div>\n\t\t\t\n\t\t\t\t\t\t<div class=\"elementor-icon-box-content\">\n\n\t\t\t\t\t\t\t\t\t<h3 class=\"elementor-icon-box-title\">\n\t\t\t\t\t\t<a href=\"https:\/\/dev.tourmed.ca\/blogue-conseils-voyages\/\">\n\t\t\t\t\t\t\tTravail advice blog from our experts\t\t\t\t\t\t<\/a>\n\t\t\t\t\t<\/h3>\n\t\t\t\t\n\t\t\t\t\t\t\t\t\t<p class=\"elementor-icon-box-description\">\n\t\t\t\t\t\tLearn more\t\t\t\t\t<\/p>\n\t\t\t\t\n\t\t\t<\/div>\n\t\t\t\n\t\t<\/div>\n\t\t\t\t\t\t<\/div>\n\t\t\t\t<\/div>\n\t\t\t\t<div class=\"elementor-element elementor-element-16cfba3 elementor-widget__width-initial elementor-mobile-position-inline-start elementor-widget-mobile__width-inherit elementor-view-stacked elementor-tablet-position-inline-start tm-vrtibr elementor-shape-circle elementor-position-block-start elementor-widget elementor-widget-icon-box\" data-id=\"16cfba3\" data-element_type=\"widget\" data-e-type=\"widget\" data-widget_type=\"icon-box.default\">\n\t\t\t\t<div class=\"elementor-widget-container\">\n\t\t\t\t\t\t\t<div class=\"elementor-icon-box-wrapper\">\n\n\t\t\t\t\t\t<div class=\"elementor-icon-box-icon\">\n\t\t\t\t<a href=\"https:\/\/dev.tourmed.ca\/assistance\/\" class=\"elementor-icon\" tabindex=\"-1\" aria-label=\"Contact emergency assistance\">\n\t\t\t\t<svg class=\"overflow-visible w-9 lg:w-12 h-auto stroke-current\" width=\"67\" height=\"85\" viewBox=\"0 0 67 85\"><g fill=\"none\" fill-rule=\"evenodd\" stroke=\"none\"><path stroke=\"#003898\" stroke-linecap=\"round\" stroke-linejoin=\"round\" stroke-width=\"2\" d=\"M33.412 83.215s32.412-12.514 32.412-35.919V14.098c-19.93 0-24.633-5.319-32.412-13.098C25.633 8.779 20.93 14.098 1 14.098v33.198c0 23.405 32.412 35.919 32.412 35.919z\"><\/path><path stroke=\"#E1261C\" stroke-linecap=\"round\" stroke-linejoin=\"round\" stroke-width=\"2\" d=\"M27.366 36.062h12.091V27.97a4 4 0 0 0-4-4h-4.091a4 4 0 0 0-4 4v8.092h0zm4 24.183h4.091a4 4 0 0 0 4-4v-8.092h0-12.091v8.092a4 4 0 0 0 4 4zM19.274 48.153h8.092V36.061h-8.092a4 4 0 0 0-4 4v4.092a4 4 0 0 0 4 4zm20.183 0h8.092a4 4 0 0 0 4-4v-4.092a4 4 0 0 0-4-4h-8.092 0v12.092z\"><\/path><path fill=\"#E1261C\" d=\"M18.5 40.107a1 1 0 1 1 2 0 1 1 0 0 1-2 0zM42.5 40.107a1 1 0 1 1 2 0 1 1 0 0 1-2 0zM18.5 44.107a1 1 0 1 1 2 0 1 1 0 0 1-2 0zM42.5 44.107a1 1 0 1 1 2 0 1 1 0 0 1-2 0zM22.5 40.107a1 1 0 1 1 2 0 1 1 0 0 1-2 0zM46.5 40.107a1 1 0 1 1 2 0 1 1 0 0 1-2 0zM22.5 44.107a1 1 0 1 1 2 0 1 1 0 0 1-2 0zM46.5 44.107a1 1 0 1 1 2 0 1 1 0 0 1-2 0z\"><\/path><\/g><\/svg>\t\t\t\t<\/a>\n\t\t\t<\/div>\n\t\t\t\n\t\t\t\t\t\t<div class=\"elementor-icon-box-content\">\n\n\t\t\t\t\t\t\t\t\t<h3 class=\"elementor-icon-box-title\">\n\t\t\t\t\t\t<a href=\"https:\/\/dev.tourmed.ca\/assistance\/\">\n\t\t\t\t\t\t\tContact emergency assistance\t\t\t\t\t\t<\/a>\n\t\t\t\t\t<\/h3>\n\t\t\t\t\n\t\t\t\t\t\t\t\t\t<p class=\"elementor-icon-box-description\">\n\t\t\t\t\t\tLearn more\t\t\t\t\t<\/p>\n\t\t\t\t\n\t\t\t<\/div>\n\t\t\t\n\t\t<\/div>\n\t\t\t\t\t\t<\/div>\n\t\t\t\t<\/div>\n\t\t\t\t\t<\/div>\n\t\t\t\t<\/div>\n\t\t<div class=\"elementor-element elementor-element-5912a24 e-flex e-con-boxed e-con e-parent\" data-id=\"5912a24\" data-element_type=\"container\" data-e-type=\"container\">\n\t\t\t\t\t<div class=\"e-con-inner\">\n\t\t<div class=\"elementor-element elementor-element-53e5851 e-flex e-con-boxed elementor-invisible e-con e-child\" data-id=\"53e5851\" data-element_type=\"container\" data-e-type=\"container\" id=\"excluCalc\" data-settings=\"{&quot;background_background&quot;:&quot;classic&quot;,&quot;animation&quot;:&quot;fadeIn&quot;,&quot;animation_delay&quot;:100}\">\n\t\t\t\t\t<div class=\"e-con-inner\">\n\t\t<div class=\"elementor-element elementor-element-5170acb e-con-full e-flex e-con e-child\" data-id=\"5170acb\" data-element_type=\"container\" data-e-type=\"container\" data-settings=\"{&quot;background_background&quot;:&quot;classic&quot;}\">\n\t\t\t\t<div class=\"elementor-element elementor-element-e773b5c elementor-widget elementor-widget-button\" data-id=\"e773b5c\" data-element_type=\"widget\" data-e-type=\"widget\" data-widget_type=\"button.default\">\n\t\t\t\t<div class=\"elementor-widget-container\">\n\t\t\t\t\t\t\t\t\t<div class=\"elementor-button-wrapper\">\n\t\t\t\t\t<a class=\"elementor-button elementor-button-link elementor-size-sm\" href=\"https:\/\/dev.tourmed.ca\/en\/stability-calculator\/\">\n\t\t\t\t\t\t<span class=\"elementor-button-content-wrapper\">\n\t\t\t\t\t\t\t\t\t<span class=\"elementor-button-text\">Exclusive new feature<\/span>\n\t\t\t\t\t<\/span>\n\t\t\t\t\t<\/a>\n\t\t\t\t<\/div>\n\t\t\t\t\t\t\t\t<\/div>\n\t\t\t\t<\/div>\n\t\t\t\t<\/div>\n\t\t<div class=\"elementor-element elementor-element-85bab66 e-con-full e-flex e-con e-child\" data-id=\"85bab66\" data-element_type=\"container\" data-e-type=\"container\">\n\t\t\t\t<div class=\"elementor-element elementor-element-d616776 elementor-widget elementor-widget-heading\" data-id=\"d616776\" data-element_type=\"widget\" data-e-type=\"widget\" data-widget_type=\"heading.default\">\n\t\t\t\t<div class=\"elementor-widget-container\">\n\t\t\t\t\t<h2 class=\"elementor-heading-title elementor-size-default\">Pre-existing medical condition stability calculator<\/h2>\t\t\t\t<\/div>\n\t\t\t\t<\/div>\n\t\t\t\t<div class=\"elementor-element elementor-element-25a5ace elementor-widget elementor-widget-button\" data-id=\"25a5ace\" data-element_type=\"widget\" data-e-type=\"widget\" data-widget_type=\"button.default\">\n\t\t\t\t<div class=\"elementor-widget-container\">\n\t\t\t\t\t\t\t\t\t<div class=\"elementor-button-wrapper\">\n\t\t\t\t\t<a class=\"elementor-button elementor-button-link elementor-size-sm\" href=\"https:\/\/dev.tourmed.ca\/en\/stability-calculator\/\" target=\"_blank\">\n\t\t\t\t\t\t<span class=\"elementor-button-content-wrapper\">\n\t\t\t\t\t\t\t\t\t<span class=\"elementor-button-text\">Verify your stability<\/span>\n\t\t\t\t\t<\/span>\n\t\t\t\t\t<\/a>\n\t\t\t\t<\/div>\n\t\t\t\t\t\t\t\t<\/div>\n\t\t\t\t<\/div>\n\t\t\t\t<\/div>\n\t\t\t\t\t<\/div>\n\t\t\t\t<\/div>\n\t\t\t\t<div class=\"elementor-element elementor-element-759c030 elementor-widget elementor-widget-html\" data-id=\"759c030\" data-element_type=\"widget\" data-e-type=\"widget\" data-widget_type=\"html.default\">\n\t\t\t\t<div class=\"elementor-widget-container\">\n\t\t\t\t\t<script>\r\n document.addEventListener('DOMContentLoaded', function() {\r\n  var calculatorDiv = document.getElementById('excluCalc');\r\n\r\n  if (calculatorDiv) {\r\n    calculatorDiv.addEventListener('click', function() {\r\n      \/\/ Envoi de l'\u00e9v\u00e9nement \u00e0 Google Tag Manager\r\n      window.dataLayer = window.dataLayer || [];\r\n      window.dataLayer.push({\r\n        'event': 'click_calculator'\r\n      });\r\n\r\n      \/\/ Redirection apr\u00e8s le clic\r\n      window.location.href = '\/calculateur-stabilite\/';\r\n    });\r\n  }\r\n});\r\n\r\n<\/script>\r\n\t\t\t\t<\/div>\n\t\t\t\t<\/div>\n\t\t\t\t\t<\/div>\n\t\t\t\t<\/div>\n\t\t\t\t<\/div>\n\t\t","protected":false},"excerpt":{"rendered":"<p>Policies and Resources Whether you are thinking about your next trip, about to leave, on your trip, or about to return home, it is perfectly normal to have questions at every step of the way. Have a look at the following sections or contact your representative if needed. Get a quote Insurance policies Tour+Med travel [&hellip;]<\/p>\n","protected":false},"author":12,"featured_media":3279,"parent":0,"menu_order":0,"comment_status":"closed","ping_status":"closed","template":"","meta":{"_acf_changed":false,"footnotes":""},"class_list":["post-3588","page","type-page","status-publish","has-post-thumbnail","hentry"],"acf":[],"_links":{"self":[{"href":"https:\/\/dev.tourmed.ca\/en\/wp-json\/wp\/v2\/pages\/3588","targetHints":{"allow":["GET"]}}],"collection":[{"href":"https:\/\/dev.tourmed.ca\/en\/wp-json\/wp\/v2\/pages"}],"about":[{"href":"https:\/\/dev.tourmed.ca\/en\/wp-json\/wp\/v2\/types\/page"}],"author":[{"embeddable":true,"href":"https:\/\/dev.tourmed.ca\/en\/wp-json\/wp\/v2\/users\/12"}],"replies":[{"embeddable":true,"href":"https:\/\/dev.tourmed.ca\/en\/wp-json\/wp\/v2\/comments?post=3588"}],"version-history":[{"count":0,"href":"https:\/\/dev.tourmed.ca\/en\/wp-json\/wp\/v2\/pages\/3588\/revisions"}],"wp:featuredmedia":[{"embeddable":true,"href":"https:\/\/dev.tourmed.ca\/en\/wp-json\/wp\/v2\/media\/3279"}],"wp:attachment":[{"href":"https:\/\/dev.tourmed.ca\/en\/wp-json\/wp\/v2\/media?parent=3588"}],"curies":[{"name":"wp","href":"https:\/\/api.w.org\/{rel}","templated":true}]}}